{"id":82,"date":"2016-12-11T11:00:12","date_gmt":"2016-12-11T02:00:12","guid":{"rendered":"http:\/\/www.seihoeng.com\/en\/?page_id=82"},"modified":"2024-08-19T14:00:26","modified_gmt":"2024-08-19T05:00:26","slug":"company","status":"publish","type":"page","link":"https:\/\/www.seihoeng.com\/en\/company\/","title":{"rendered":"Company"},"content":{"rendered":"\n<p>Seiho Engineering, founded in 2007 through a joint investment by <a href=\"http:\/\/www.seiho-kiko.co.jp\/\" data-type=\"URL\" data-id=\"http:\/\/www.seiho-kiko.co.jp\/\" target=\"_blank\" rel=\"noreferrer noopener\">Seiho Kiko Co., Ltd.<\/a> and its affiliates, specializes in selling environmental machinery and offering comprehensive after-sales maintenance and customer support.<\/p>\n\n\n\n<table id=\"tablepress-4\" class=\"tablepress tablepress-id-4\">\n<thead>\n<tr class=\"row-1\">\n\t<th class=\"column-1\">Item<\/th><th class=\"column-2\">Details<\/th>\n<\/tr>\n<\/thead>\n<tbody class=\"row-striping row-hover\">\n<tr class=\"row-2\">\n\t<td class=\"column-1\">Company Name<\/td><td class=\"column-2\">Seiho Engineering Co., Ltd.<br \/>\n\u897f\u90a6\u30a8\u30f3\u30b8\u30cb\u30a2\u30ea\u30f3\u30b0\u682a\u5f0f\u4f1a\u793e<\/td>\n<\/tr>\n<tr class=\"row-3\">\n\t<td class=\"column-1\">Establishment Date<\/td><td class=\"column-2\">10 January 2007<\/td>\n<\/tr>\n<tr class=\"row-4\">\n\t<td class=\"column-1\">Stock Capitalization<\/td><td class=\"column-2\">10,000,000 JPY<br \/>\n1000\u4e07\u5186<\/td>\n<\/tr>\n<tr class=\"row-5\">\n\t<td class=\"column-1\">Chairman<\/td><td class=\"column-2\">\u9580\u7530\u3000\u4eae<\/td>\n<\/tr>\n<tr class=\"row-6\">\n\t<td class=\"column-1\">President<\/td><td class=\"column-2\">Kanshi ARAKI<br \/>\n\u8352\u6728\u3000\u5e79\u58eb<\/td>\n<\/tr>\n<tr class=\"row-7\">\n\t<td class=\"column-1\">Managing Director<\/td><td class=\"column-2\">\u4e2d\u5cf6\u3000\u6e05<\/td>\n<\/tr>\n<tr class=\"row-8\">\n\t<td class=\"column-1\">Registered Address<\/td><td class=\"column-2\"><u>Main Office<\/u><br \/>\n4-ch\u014dme-17-9 Minamiza\u014dch\u014d, Fukuyama City, Hiroshima 721-0973, JAPAN<br \/>\n<br \/>\nTel.: +81-84-926-5458<br \/>\nFAX: +81-84-982-5488<br \/>\nMobile: +81-90-5370-5739 (Mr. Araki)<br \/>\n<br \/>\n<u>Fukuoka Office<\/u><br \/>\n1-14-14 Nakahata, Oonojou-shi, Fukuoka-ken, 816-0921 JAPAN<br \/>\nTel.: +81-92-588-6216<br \/>\nFAX: +81-92-588-6218<\/td>\n<\/tr>\n<tr class=\"row-9\">\n\t<td class=\"column-1\">Associated Banks<\/td><td class=\"column-2\"><a href=\"http:\/\/www.hiroshin.co.jp\/\">\u5e83\u5cf6\u4fe1\u7528\u91d1\u5eab<\/a>\u3000\u798f\u5c71\u652f\u5e97<br \/>\n<a href=\"https:\/\/www.jfc.go.jp\/\">\u65e5\u672c\u653f\u7b56\u91d1\u878d\u516c\u5eab<\/a>\u3000\u798f\u5ca1\u652f\u5e97<br \/>\n<a href=\"https:\/\/www.shokochukin.co.jp\/\">\u5546\u5de5\u7d44\u5408\u4e2d\u592e\u91d1\u5eab<\/a>\u3000\u798f\u5ca1\u652f\u5e97<br \/>\n<a href=\"https:\/\/www.bk.mufg.jp\/\">\u4e09\u83f1\u6771\u4eacUFJ\u9280\u884c<\/a>\u3000\u798f\u5c71\u652f\u5e97<br \/>\n<a href=\"https:\/\/www.fukuokabank.co.jp\/\">\u798f\u5ca1\u9280\u884c<\/a>\u3000\u5409\u585a\u652f\u5e97<\/td>\n<\/tr>\n<tr class=\"row-10\">\n\t<td class=\"column-1\">Principal Clients<\/td><td class=\"column-2\"><a href=\"http:\/\/www.seiho-kiko.co.jp\/\">\u897f\u90a6\u6a5f\u5de5\u682a\u5f0f\u4f1a\u793e<\/a><br \/>\n<a href=\"http:\/\/www.tanakasekkai.jp\/\">\u7530\u4e2d\u77f3\u7070\u5de5\u696d\u682a\u5f0f\u4f1a\u793e<\/a><br \/>\n<a href=\"https:\/\/www.toyota-tsusho.com\/\">\u8c4a\u7530\u901a\u5546\u682a\u5f0f\u4f1a\u793e<\/a><br \/>\n<a href=\"http:\/\/www.maruwa-forest.co.jp\/\">\u4e38\u548c\u6797\u696d\u682a\u5f0f\u4f1a\u793e<\/a><br \/>\n<a href=\"http:\/\/www.yokohama-re-style.com\/\">\u842c\u4e16\u30ea\u30b5\u30a4\u30af\u30eb\u30b7\u30b9\u30c6\u30e0\u30ba\u682a\u5f0f\u4f1a\u793e<br \/>\n\u5b89\u5ca1\u91d1\u5c5e\u682a\u5f0f\u4f1a\u793e<\/a><br \/>\n<a href=\"https:\/\/www.yoshikin.net\/\">\u682a\u5f0f\u4f1a\u793e\u5409\u5ddd\u91d1\u5c5e\u5546\u4e8b<\/a>\u3000\u9577\u5d0e\u5927\u6751\u5de5\u5834<br \/>\n\u3000\u3000\u3000\u3000\u3000\u3000\u3000\u3000\u3000\u3000\u3000\u4f50\u8cc0\u9ce5\u6816\u5de5\u5834<br \/>\n\u305d\u306e\u4ed6\u5168\u56fd\u30ea\u30b5\u30a4\u30af\u30eb\u30bb\u30f3\u30bf\u30fc\u6570100\u793e<br \/>\n(\u9806\u4e0d\u540c)<\/td>\n<\/tr>\n<tr class=\"row-11\">\n\t<td class=\"column-1\">Permits \/ Licenses<\/td><td class=\"column-2\">General Construction License<br \/>\n\u4e00\u822c\u5efa\u8a2d\u696d<br \/>\nGovernment of Hiroshima Registration<br \/>\n\u5e83\u5cf6\u770c\u77e5\u4e8b\u3000\u8a31\u53ef\uff08\u822c\uff0d28\uff09 \u7b2c37938\u53f7<\/td>\n<\/tr>\n<\/tbody>\n<\/table>\n<!-- #tablepress-4 from cache -->\n","protected":false},"excerpt":{"rendered":"<p>Seiho Engineering, founded in 2007 through a joint investment by Seiho Kiko Co., Ltd. and its affiliates, specializes in selling environmental machinery and offering comprehensive after-sales maintenance and customer support.<\/p>\n","protected":false},"author":4,"featured_media":123,"parent":0,"menu_order":0,"comment_status":"closed","ping_status":"closed","template":"","meta":{"_themeisle_gutenberg_block_has_review":false,"footnotes":""},"class_list":["post-82","page","type-page","status-publish","has-post-thumbnail","hentry"],"_links":{"self":[{"href":"https:\/\/www.seihoeng.com\/en\/wp-json\/wp\/v2\/pages\/82","targetHints":{"allow":["GET"]}}],"collection":[{"href":"https:\/\/www.seihoeng.com\/en\/wp-json\/wp\/v2\/pages"}],"about":[{"href":"https:\/\/www.seihoeng.com\/en\/wp-json\/wp\/v2\/types\/page"}],"author":[{"embeddable":true,"href":"https:\/\/www.seihoeng.com\/en\/wp-json\/wp\/v2\/users\/4"}],"replies":[{"embeddable":true,"href":"https:\/\/www.seihoeng.com\/en\/wp-json\/wp\/v2\/comments?post=82"}],"version-history":[{"count":4,"href":"https:\/\/www.seihoeng.com\/en\/wp-json\/wp\/v2\/pages\/82\/revisions"}],"predecessor-version":[{"id":486,"href":"https:\/\/www.seihoeng.com\/en\/wp-json\/wp\/v2\/pages\/82\/revisions\/486"}],"wp:featuredmedia":[{"embeddable":true,"href":"https:\/\/www.seihoeng.com\/en\/wp-json\/wp\/v2\/media\/123"}],"wp:attachment":[{"href":"https:\/\/www.seihoeng.com\/en\/wp-json\/wp\/v2\/media?parent=82"}],"curies":[{"name":"wp","href":"https:\/\/api.w.org\/{rel}","templated":true}]}}